{"id":394,"date":"2025-06-20T07:23:12","date_gmt":"2025-06-20T07:23:12","guid":{"rendered":"https:\/\/2bim3.ai\/?page_id=394"},"modified":"2025-06-20T15:04:01","modified_gmt":"2025-06-20T15:04:01","slug":"privacy-policy","status":"publish","type":"page","link":"https:\/\/2bim3.ai\/de\/privacy-policy\/","title":{"rendered":"Datenschutzerkl\u00e4rung"},"content":{"rendered":"<div data-elementor-type=\"wp-page\" data-elementor-id=\"394\" class=\"elementor elementor-394\" data-elementor-post-type=\"page\">\n\t\t\t\t<div class=\"elementor-element elementor-element-7136680 e-flex e-con-boxed e-con e-parent\" data-id=\"7136680\" data-element_type=\"container\">\n\t\t\t\t\t<div class=\"e-con-inner\">\n\t\t\t\t<div class=\"elementor-element elementor-element-963cb69 elementor-widget elementor-widget-heading\" data-id=\"963cb69\" data-element_type=\"widget\" data-widget_type=\"heading.default\">\n\t\t\t\t<div class=\"elementor-widget-container\">\n\t\t\t\t\t<h2 class=\"elementor-heading-title elementor-size-default\">Datenschutzerkl\u00e4rung<\/h2>\t\t\t\t<\/div>\n\t\t\t\t<\/div>\n\t\t\t\t<div class=\"elementor-element elementor-element-640abda elementor-widget elementor-widget-text-editor\" data-id=\"640abda\" data-element_type=\"widget\" data-widget_type=\"text-editor.default\">\n\t\t\t\t<div class=\"elementor-widget-container\">\n\t\t\t\t\t\t\t\t\t<p>Letzte Aktualisierung: 20. Juni 2025<\/p>\n<p>Diese Datenschutzrichtlinie beschreibt Unsere Richtlinien und Verfahren zur Erfassung, Verwendung und Offenlegung Ihrer Informationen bei der Nutzung des Dienstes und informiert Sie \u00fcber Ihre Datenschutzrechte und wie das Gesetz Sie sch\u00fctzt.<\/p>\n<p>Wir verwenden Ihre Pers\u00f6nlichen Daten zur Bereitstellung und Verbesserung des Service. Durch die Nutzung des Dienstes Stimmen Sie der Erfassung und Verwendung von Informationen in \u00fcbereinstimmung mit dieser Datenschutzrichtlinie. Diese Datenschutzerkl\u00e4rung wurde erstellt mit Hilfe der <a href=\"https:\/\/www.termsfeed.com\/privacy-policy-generator\/\" target=\"_blank\">Privacy Policy Generator<\/a>.<\/p>\n<h2>Interpretation und Definitionen<\/h2>\n<h3>Interpretation<\/h3>\n<p>Die Worte, die der erste Buchstabe wird gro\u00dfgeschrieben angegebenen Bedeutungen haben, unter den folgenden Bedingungen. Die folgenden Definitionen haben dieselbe Bedeutung, unabh\u00e4ngig davon, ob Sie im singular oder im plural.<\/p>\n<h3>Definitionen<\/h3>\n<p>F\u00fcr die Zwecke dieser Datenschutzrichtlinie:<\/p>\n<ul>\n<li>\n<p><strong>Konto<\/strong> ein einziges Konto f\u00fcr Sie erstellt, um Zugang zu unserem Service oder Teile unseres Service.<\/p>\n<\/li>\n<li>\n<p><strong>Affiliate<\/strong> bedeutet eine Person, die kontrolliert wird oder unter gemeinsamer Kontrolle mit einer Partei, wobei &#034;Kontrolle&#034; bedeutet Besitz von 50% oder mehr der Aktien, Beteiligungen oder anderen Wertpapieren wahlberechtigt f\u00fcr die Wahl von Direktoren oder anderen Verwaltungsbeh\u00f6rden.<\/p>\n<\/li>\n<li>\n<p><strong>Unternehmen<\/strong> (bezeichnet als &#034;das Unternehmen&#034;, &#034;Wir&#034;, &#034;Uns&#034; oder &#034;Unser&#034; in dieser Vereinbarung) bezieht sich auf neoBIM GmbH, Allensteiner Stra\u00dfe 14, 76139 Karlsruhe Baden-W\u00fcrttemberg.<\/p>\n<\/li>\n<li>\n<p><strong>Cookies<\/strong> sind kleine Dateien, die auf Ihrem computer, Mobilger\u00e4t oder einem anderen Ger\u00e4t, die von einer website, mit den details Ihres Browserverlaufs auf dieser website unter den vielen Verwendungsm\u00f6glichkeiten.<\/p>\n<\/li>\n<li>\n<p><strong>Land<\/strong> bezieht sich auf: Baden-W\u00fcrttemberg, Deutschland<\/p>\n<\/li>\n<li>\n<p><strong>Ger\u00e4t<\/strong> bedeutet, dass jedes Ger\u00e4t, das auf den Dienst zugreifen kann, wie ein computer, ein Handy oder ein digitales tablet.<\/p>\n<\/li>\n<li>\n<p><strong>Pers\u00f6nliche Daten<\/strong> alle Informationen, die sich auf eine identifizierte oder identifizierbare Person.<\/p>\n<\/li>\n<li>\n<p><strong>Service<\/strong> bezieht sich auf die Website.<\/p>\n<\/li>\n<li>\n<p><strong>Service Provider<\/strong> bedeutet jede Nat\u00fcrliche oder juristische person, die die Daten verarbeitet, im Namen der Gesellschaft. Es bezieht sich auf Drittunternehmen oder Einzelpersonen besch\u00e4ftigt die Firma den Service zu erleichtern, um den Service im Namen des Unternehmens durchzuf\u00fchren, Dienstleistungen im Zusammenhang mit der Dienstleistung oder zur Unterst\u00fctzung der Unternehmen bei der Analyse, wie der Service genutzt wird.<\/p>\n<\/li>\n<li>\n<p><strong>Nutzungsdaten<\/strong> bezieht sich auf Daten, die automatisch gesammelt werden, entweder erzeugt, die durch die Nutzung des Dienstes oder aus der Service-Infrastruktur selbst (z.B. die Dauer, eine Seite zu besuchen).<\/p>\n<\/li>\n<li>\n<p><strong>Website<\/strong> bezieht sich auf 2BIM3.AI, zug\u00e4nglich von <a href=\"\/de\/2bim3.ai\/\" rel=\"external nofollow noopener\" target=\"_blank\">2bim3.ai<\/a><\/p>\n<\/li>\n<li>\n<p><strong>Sie<\/strong> bedeutet, dass der individuelle Zugriff auf oder die Nutzung des Dienstes oder die Gesellschaft oder andere juristische Person, in deren Auftrag diese Person Zugriff auf oder die Nutzung des Dienstes anwendbar.<\/p>\n<\/li>\n<\/ul>\n<h2>Erhebung und Verwendung Personenbezogener Daten<\/h2>\n<h3>Arten der Erhobenen Daten<\/h3>\n<h4>Pers\u00f6nliche Daten<\/h4>\n<p>W\u00e4hrend der Nutzung Unseres Dienstes k\u00f6nnen Wir Sie bitten, Uns bestimmte pers\u00f6nlich identifizierbare Informationen, die verwendet werden k\u00f6nnen, zu Kontaktieren oder zu identifizieren. Pers\u00f6nlich identifizierbare Informationen k\u00f6nnen umfassen, sind aber nicht beschr\u00e4nkt auf:<\/p>\n<ul>\n<li>\n<p>E-Mail-Adresse<\/p>\n<\/li>\n<li>\n<p>First name und last name<\/p>\n<\/li>\n<li>\n<p>Telefonnummer<\/p>\n<\/li>\n<li>\n<p>Nutzungsdaten<\/p>\n<\/li>\n<\/ul>\n<h4>Nutzungsdaten<\/h4>\n<p>Nutzungsdaten, automatisch erhoben werden, wenn Sie den Dienst nutzen.<\/p>\n<p>Nutzungsdaten k\u00f6nnen Informationen wie Ihrem Ger\u00e4t die Internet-Protocol-Adresse (z.B. IP-Adresse), browser-Typ, browser-version, die Seiten unseres Dienstes, die Sie besuchen, die Uhrzeit und das Datum Ihres Besuchs, die auf diesen Seiten verbrachte Zeit, eindeutige Ger\u00e4tekennungen und andere Diagnosedaten.<\/p>\n<p>Wenn Sie auf den Dienst von oder \u00fcber ein mobiles Ger\u00e4t, erfassen Wir m\u00f6glicherweise bestimmte Informationen automatisch, einschlie\u00dflich, aber nicht beschr\u00e4nkt auf, der Art der mobilen Ger\u00e4t Sie verwenden, Ihre mobilen Ger\u00e4t eindeutige ID, die IP-Adresse Ihres mobilen Ger\u00e4ts, Ihr mobiles Betriebssystem, den Typ des mobilen Internet-browser Sie verwenden, eindeutige Ger\u00e4tekennungen und andere Diagnosedaten.<\/p>\n<p>Wir k\u00f6nnen auch Informationen erfassen, die Ihr browser verschickt, wenn Sie unseren Dienst besuchen oder wenn Sie auf den Dienst von oder \u00fcber ein mobiles Ger\u00e4t.<\/p>\n<h4>Tracking-Technologien und Cookies<\/h4>\n<p>Wir verwenden Cookies und \u00e4hnliche tracking-Technologien ein, verfolgen Sie die Aktivit\u00e4ten auf Unseren Service und speichern bestimmte Informationen. Tracking-Technologien verwendet werden, sind beacons, tags und Skripts zum sammeln und verfolgen von Informationen sowie zur Verbesserung und Analyse Unseres Dienstes. Die Technologien, die Wir nutzen k\u00f6nnen, geh\u00f6ren:<\/p>\n<ul>\n<li><strong>Die Cookies oder Browser-Cookies.<\/strong> Ein cookie ist eine kleine Datei, die auf Ihrem Ger\u00e4t abgelegt. Weisen Sie Ihren browser, um alle Cookies ablehnt oder anzeigt, wenn ein Cookie gesendet wird. Wenn Sie jedoch keine Cookies akzeptieren, k\u00f6nnen Sie nicht in der Lage, einige Teile unseres Service. Es sei denn, Sie haben Ihren browser so eingestellt, dass er Cookies ablehnt, wird unser Service kann die Verwendung von Cookies.<\/li>\n<li><strong>Web-Beacons.<\/strong> Bestimmte Abschnitte unseres Service und unserer E-Mails enthalten k\u00f6nnen kleine elektronische Dateien, so genannte web-beacons (auch als clear-gifs, pixel tags und single-pixel-gifs), die es erlauben, das Unternehmen, f\u00fcr Beispiel, Benutzer zu z\u00e4hlen, die diese Seiten besucht oder eine E-Mail ge\u00f6ffnet und f\u00fcr andere Verwandte website-Statistiken (zum Beispiel die Erfassung der Popularit\u00e4t eines bestimmten Abschnitt und \u00fcberpr\u00fcfen system and server integrity).<\/li>\n<\/ul>\n<p>Cookies k\u00f6nnen &#034;Persistente&#034; oder &#034;Session&#034; Cookies. Persistente Cookies verbleiben auf Ihrem pers\u00f6nlichen computer oder Mobilger\u00e4t, wenn Sie offline gehen, w\u00e4hrend Session-Cookies gel\u00f6scht werden, sobald Sie Ihren browser schlie\u00dfen. Erfahren Sie mehr \u00fcber cookies <a href=\"https:\/\/www.termsfeed.com\/blog\/cookies\/#What_Are_Cookies\" target=\"_blank\">TermsFeed website<\/a> Artikel.<\/p>\n<p>Wir verwenden sowohl Sitzungscookies als auch dauerhafte Cookies f\u00fcr die unten genannten Zwecke:<\/p>\n<ul>\n<li>\n<p><strong>Notwendige \/ Wesentliche Cookies<\/strong><\/p>\n<p>Typ: Sitzungscookies<\/p>\n<p>Verwaltet von: Us<\/p>\n<p>Zweck: Diese Cookies sind unerl\u00e4sslich, um Sie mit den Dienstleistungen \u00fcber die Website zur Verf\u00fcgung und erm\u00f6glichen Ihnen die Nutzung einiger Ihrer Funktionen. Sie helfen, Benutzer zu authentifizieren und zu verhindern, dass betr\u00fcgerische Nutzung von Benutzerkonten. Ohne diese Cookies k\u00f6nnen die Dienstleistungen, die Sie angefordert haben, nicht bereitgestellt werden, und Wir nur verwenden diese Cookies, um Ihnen diese Dienste bereitzustellen.<\/p>\n<\/li>\n<li>\n<p><strong>Cookies Policy \/ Beachten Sie Die Akzeptanz Cookies<\/strong><\/p>\n<p>Typ: Persistent-Cookies<\/p>\n<p>Verwaltet von: Us<\/p>\n<p>Zweck: Diese Cookies identifizieren, ob Benutzer akzeptiert die Verwendung von cookies auf der Website.<\/p>\n<\/li>\n<li>\n<p><strong>Funktionalit\u00e4ts-Cookies<\/strong><\/p>\n<p>Typ: Persistent-Cookies<\/p>\n<p>Verwaltet von: Us<\/p>\n<p>Zweck: Diese Cookies erm\u00f6glichen es uns, sich zu erinnern Entscheidungen, die Sie machen, wenn Sie die Website benutzen, wie die Erinnerung an Ihre Anmeldedaten oder Spracheinstellungen. Der Zweck des Einsatzes dieser Cookies besteht darin, Ihnen mit einer pers\u00f6nlichen Erfahrung und vermeiden, Sie zu re-geben Sie Ihre Einstellungen jedes mal, wenn Sie die Nutzung der Website.<\/p>\n<\/li>\n<\/ul>\n<p>F\u00fcr weitere Informationen \u00fcber die cookies, die wir verwenden und Ihre Auswahlm\u00f6glichkeiten in Bezug auf cookies, besuchen Sie bitte unsere Cookies-Richtlinien oder Abschnitt Cookies unserer Datenschutzerkl\u00e4rung.<\/p>\n<h3>Nutzung Ihrer Personenbezogenen Daten<\/h3>\n<p>Das Unternehmen kann die Personenbezogenen Daten f\u00fcr die folgenden Zwecke:<\/p>\n<ul>\n<li>\n<p><strong>Bereitstellen und pflegen unsere Service<\/strong>einschlie\u00dflich der \u00fcberwachung der Nutzung unseres Dienstes.<\/p>\n<\/li>\n<li>\n<p><strong>Um Ihr Konto zu verwalten:<\/strong> Verwaltung Ihrer Registrierung als Benutzer des Dienstes. Die Personenbezogenen Daten, die Sie uns geben k\u00f6nnen, den Zugriff auf die verschiedenen Funktionalit\u00e4ten des Dienstes, die verf\u00fcgbar sind, um Sie als registrierten Benutzer.<\/p>\n<\/li>\n<li>\n<p><strong>F\u00fcr die Erf\u00fcllung des Vertrages:<\/strong> die Entwicklung, Einhaltung und Durchf\u00fchrung des Kaufvertrags f\u00fcr die Produkte, Artikel oder Dienstleistungen, die Sie erworben haben, oder eines anderen Vertrages mit Uns \u00fcber den Service.<\/p>\n<\/li>\n<li>\n<p><strong>Um Sie zu Kontaktieren:<\/strong> Um Kontakt mit Sie durch E-Mail, Telefonanrufe, SMS, oder andere gleichwertige Formen der elektronischen Kommunikation, wie eine mobile Anwendung, die push-Benachrichtigungen \u00fcber updates oder informative Mitteilungen im Zusammenhang mit den Funktionalit\u00e4ten, Produkte oder Beauftragten Leistungen, einschlie\u00dflich der Sicherheits-updates, wenn notwendig oder angemessen f\u00fcr Ihre Umsetzung.<\/p>\n<\/li>\n<li>\n<p><strong>Um bieten Sie<\/strong> mit Neuigkeiten, Sonderangebote und Allgemeine Informationen \u00fcber andere waren, Dienstleistungen und Veranstaltungen, die wir bieten, die jenen \u00e4hnlich sind, die Sie bereits gekauft haben oder erfragt, es sei denn, Sie haben sich entschieden, solche Informationen nicht erhalten.<\/p>\n<\/li>\n<li>\n<p><strong>Verwalten Sie Ihre Anfragen:<\/strong> Zu besuchen und zu verwalten, Ihre Anfragen an Uns.<\/p>\n<\/li>\n<li>\n<p><strong>F\u00fcr Unternehmens\u00fcbertragungen:<\/strong> Wir verwenden Ihre Informationen, bewerten oder f\u00fchren eine Verschmelzung, Ver\u00e4u\u00dferung, Umstrukturierung, Reorganisation, Aufl\u00f6sung oder sonstigen Ver\u00e4u\u00dferung oder \u00fcbertragung eines Teils oder aller Unserer Verm\u00f6genswerte, sei es als Unternehmensfortf\u00fchrung oder im Rahmen eines Konkurs -, liquidations-oder \u00e4hnlichen Verfahrens, in dem die Pers\u00f6nlichen Daten, die von Uns \u00fcber unsere Service-Benutzer ist unter der Verm\u00f6genswerte \u00fcbertragen werden.<\/p>\n<\/li>\n<li>\n<p><strong>F\u00fcr andere Zwecke<\/strong>: Wir k\u00f6nnen Ihre Informationen f\u00fcr andere Zwecke, wie Datenanalyse, Ermittlung von nutzungstrends, Bestimmung der Wirksamkeit unserer Werbe-Kampagnen zu bewerten und unseren Service zu verbessern, Produkte, Dienstleistungen, marketing und Ihre Erfahrung.<\/p>\n<\/li>\n<\/ul>\n<p>Wir k\u00f6nnen teilen Sie Ihre pers\u00f6nlichen Daten in die folgenden Situationen:<\/p>\n<ul>\n<li><strong>Mit Den Dienstleistern:<\/strong> Wir k\u00f6nnen Ihre personenbezogenen Informationen mit Service-Providern zu \u00fcberwachen und die eine Analyse der Benutzung unserer Service, um Sie zu Kontaktieren.<\/li>\n<li><strong>F\u00fcr Unternehmens\u00fcbertragungen:<\/strong> Wir teilen oder \u00fcbertragen Ihre pers\u00f6nlichen Informationen in Verbindung mit oder w\u00e4hrend Verhandlungen einer Fusion, Verkauf von Unternehmensverm\u00f6gen, die Finanzierung oder den Erwerb aller oder eines Teils Unseres Gesch\u00e4fts an ein anderes Unternehmen.<\/li>\n<li><strong>Mit Verbundenen Unternehmen:<\/strong> Teilen wir Ihre Informationen mit Unseren verbundenen Unternehmen, in dem Fall ben\u00f6tigen wir die Mitgliedsorganisationen zu Ehren dieser Datenschutzerkl\u00e4rung. Verbundenen Unternehmen z\u00e4hlen Unsere Muttergesellschaft und alle anderen Tochtergesellschaften, joint-venture-Partnern oder anderen Unternehmen, die Wir kontrollieren oder die unter gemeinsamer Kontrolle mit Uns.<\/li>\n<li><strong>Mit business-Partnern:<\/strong> Teilen wir Ihre Informationen mit Unseren Gesch\u00e4ftspartnern, um Ihnen bestimmte Produkte, Dienstleistungen oder Werbeaktionen.<\/li>\n<li><strong>Mit anderen Benutzern:<\/strong> wenn Sie pers\u00f6nliche Informationen oder auf andere Weise in die \u00f6ffentlichen Bereiche mit anderen Benutzern, diese Informationen k\u00f6nnen von allen Benutzern eingesehen werden und kann \u00f6ffentlich verteilt au\u00dferhalb.<\/li>\n<li><strong>Mit Ihrer Einwilligung<\/strong>: Wir geben Ihre personenbezogenen Daten f\u00fcr jeden anderen Zweck mit Ihrer Zustimmung.<\/li>\n<\/ul>\n<h3>Die Aufbewahrung Ihrer Personenbezogenen Daten<\/h3>\n<p>Das Unternehmen bewahrt Ihre Personenbezogenen Daten nur so lange, wie es f\u00fcr die Zwecke erforderlich ist in dieser Datenschutzerkl\u00e4rung. Wir speichern und verwenden Ihre Personenbezogenen Daten soweit erforderlich, um unseren rechtlichen Verpflichtungen nachzukommen (zum Beispiel, wenn wir sind erforderlich, um Ihre Daten zu behalten, um die geltenden Gesetze), Beilegung von Streitigkeiten und zur Durchsetzung unserer rechtlichen Vereinbarungen und Richtlinien.<\/p>\n<p>Das Unternehmen h\u00e4lt auch Nutzungsdaten f\u00fcr interne Analysezwecke. Nutzungsdaten werden in der Regel beibehalten, die f\u00fcr k\u00fcrzere Zeitraum von Zeit, au\u00dfer wenn diese Daten werden zur St\u00e4rkung der Sicherheit oder zur Verbesserung der Funktionalit\u00e4t Unserer Dienstleistung, oder Wir gesetzlich verpflichtet sind, speichern diese Daten f\u00fcr l\u00e4ngere Zeitr\u00e4ume.<\/p>\n<h3>\u00dcbermittlung Ihrer Personenbezogenen Daten<\/h3>\n<p>Ihre Daten, einschlie\u00dflich Personenbezogener Daten, die verarbeitet wird, ist in den operativen B\u00fcros und andere Orte, an denen die Parteien beteiligt, die in der Verarbeitung befinden. Es bedeutet, dass diese Informationen \u00fcbermittelt werden k\u00f6nnen, und gehalten auf Computern au\u00dferhalb Ihres Staates, Landes oder einer anderen staatlichen GERICHTSBARKEIT, wo die Datenschutzgesetze m\u00f6glicherweise unterscheiden sich als solche von Ihrem Land.<\/p>\n<p>Ihre Zustimmung zu dieser Datenschutzrichtlinie, gefolgt von Ihrer \u00fcbermittlung solcher Informationen, stellt Ihre Zustimmung zu dieser \u00fcbertragung.<\/p>\n<p>Das Unternehmen wird alle notwendigen Ma\u00dfnahmen ergreifen, um sicherzustellen, dass Ihre Daten sicher und in \u00fcbereinstimmung mit dieser Datenschutz-Richtlinie und keine \u00fcbertragung Ihrer Pers\u00f6nlichen Daten erfolgt an eine Organisation oder ein Land, es sei denn, es gibt angemessene Kontrollen, einschlie\u00dflich der Sicherheit von Ihre Daten und andere pers\u00f6nliche Informationen.<\/p>\n<h3>Die L\u00f6schung Ihrer Pers\u00f6nlichen Daten<\/h3>\n<p>Sie haben das Recht, zu l\u00f6schen oder verlangen, dass Wir helfen, dass die Personenbezogenen Daten, die Wir \u00fcber Sie gesammelt haben.<\/p>\n<p>Unser Service kann Ihnen die M\u00f6glichkeit geben, zu l\u00f6schen, bestimmte Informationen \u00fcber Sie im Rahmen des Service.<\/p>\n<p>K\u00f6nnen Sie aktualisieren, \u00e4ndern oder l\u00f6schen Ihrer Daten jederzeit durch eine Anmeldung bei Ihrem Konto, wenn Sie einen haben, und den Besuch in den Konto-Einstellungen Abschnitt k\u00f6nnen Sie Ihre pers\u00f6nlichen Informationen verwalten. Sie k\u00f6nnen auch Kontaktieren Sie Uns bitte, um Zugang, Berichtigung, l\u00f6schen oder alle pers\u00f6nlichen Informationen, die Sie Uns zur Verf\u00fcgung gestellt haben.<\/p>\n<p>Bitte beachten Sie jedoch, dass Wir gegebenenfalls behalten m\u00fcssen bestimmte Informationen, wenn wir eine rechtliche Verpflichtung haben oder eine gesetzliche Grundlage zu tun.<\/p>\n<h3>Weitergabe Ihrer Pers\u00f6nlichen Daten<\/h3>\n<h4>Business Transaktionen<\/h4>\n<p>Wenn das Unternehmen beteiligt sich an einer Fusion, einem Erwerb oder einem Verkauf von Verm\u00f6gensgegenst\u00e4nden, Ihre Personenbezogenen Daten \u00fcbertragen werden k\u00f6nnen. Wir werden Sie dar\u00fcber informieren, bevor Ihre Pers\u00f6nlichen Daten \u00fcbertragen werden und dann unter andere Datenschutzbestimmungen fallen.<\/p>\n<h4>Law enforcement<\/h4>\n<p>Unter bestimmten Umst\u00e4nden kann die Gesellschaft verpflichtet werden, Ihre Pers\u00f6nlichen Daten, wenn dies gesetzlich oder in Reaktion auf g\u00fcltige Anfragen von Beh\u00f6rden (z.B. einem Gericht oder einer Regierungsbeh\u00f6rde).<\/p>\n<h4>Andere rechtliche Anforderungen<\/h4>\n<p>Die Firma berechtigt, Ihre Personenbezogenen Daten in dem guten glauben, dass eine derartige Handlung notwendig ist, um:<\/p>\n<ul>\n<li>Einhaltung einer gesetzlichen Verpflichtung<\/li>\n<li>Schutz und Verteidigung der Rechte oder des Eigentums des Unternehmens<\/li>\n<li>Verhindern oder zu untersuchen m\u00f6gliche Fehlverhalten in Verbindung mit dem Service<\/li>\n<li>Schutz der pers\u00f6nlichen Sicherheit der Nutzer des Dienstes oder der \u00f6ffentlichkeit<\/li>\n<li>Schutz vor rechtlicher Haftung<\/li>\n<\/ul>\n<h3>Die Sicherheit Ihrer Personenbezogenen Daten<\/h3>\n<p>Die Sicherheit Ihrer Personenbezogenen Daten ist Uns wichtig, aber denken Sie daran, dass keine Methode der \u00fcbertragung \u00fcber das Internet oder Methode der elektronischen Speicherung ist 100% sicher. Obwohl Wir uns bem\u00fchen, kommerziell akzeptable Mittel zum Schutz Ihrer Pers\u00f6nlichen Daten, k\u00f6nnen Wir keine absolute Sicherheit garantieren.<\/p>\n<h2>Datenschutz f\u00fcr Kinder<\/h2>\n<p>Unser Service wendet sich nicht jedermann unter dem Alter von 13. Wir tun nicht wissentlich pers\u00f6nlich identifizierbare Informationen von Personen unter 13 Jahren. Wenn Sie ein Elternteil oder Erziehungsberechtigter sind und Ihnen bewusst ist, dass Ihr Kind Uns Personenbezogene Daten \u00fcberlassen haben, bitte Kontaktieren Sie Uns. Wenn Uns bewusst wird, dass Wir Personenbezogene Daten von Personen unter 13 Jahren ohne \u00fcberpr\u00fcfung der elterlichen Zustimmung, k\u00f6nnen Wir Ma\u00dfnahmen ergreifen, um zu entfernen, die Informationen von Unseren Servern.<\/p>\n<p>Wenn Wir angewiesen auf die Zustimmung als rechtliche Grundlage f\u00fcr die Verarbeitung Ihrer Daten und Ihre Land erfordert die Zustimmung von einem Elternteil, k\u00f6nnen Wir verlangen, dass Sie Ihre Eltern die Einwilligung vor, die Wir sammeln, und diese Informationen nutzen.<\/p>\n<h2>Links zu Anderen Websites<\/h2>\n<p>Unser Dienst kann links zu anderen websites enthalten, die nicht von Uns betrieben werden. Wenn Sie auf einen Dritten link gelangen Sie zu, dass third-party &#039; s site. Wir raten Ihnen dringend, die Datenschutzerkl\u00e4rung jeder Website, die Sie besuchen.<\/p>\n<p>Wir haben keine Kontrolle \u00fcber und \u00fcbernehmen keine Verantwortung f\u00fcr den Inhalt, die Datenschutzrichtlinien oder Praktiken von irgendwelchen Websites Dritter oder Dienstleistungen.<\/p>\n<h2>\u00c4nderungen an dieser Datenschutzerkl\u00e4rung<\/h2>\n<p>M\u00f6glicherweise aktualisieren wir Unsere Datenschutzerkl\u00e4rung von Zeit zu Zeit. Wir Benachrichtigen Sie \u00fcber alle \u00e4nderungen durch Ver\u00f6ffentlichung der neuen Datenschutzerkl\u00e4rung auf dieser Seite.<\/p>\n<p>Wir werden Sie wissen lassen, \u00fcber E-Mail und\/oder durch einen auff\u00e4lligen Hinweis auf Unserem Service informieren, bevor die \u00e4nderungen wirksam geworden sind, und aktualisieren Sie die &#034;Zuletzt aktualisiert&#034; - Datum oben in dieser Datenschutzerkl\u00e4rung.<\/p>\n<p>Pr\u00fcfen Sie, diese Datenschutzerkl\u00e4rung regelm\u00e4\u00dfig auf \u00e4nderungen. \u00c4nderungen dieser Datenschutzrichtlinie sind wirksam, wenn Sie sind auf dieser Seite ver\u00f6ffentlicht.<\/p>\n<h2>Kontaktieren Sie Uns<\/h2>\n<p>Wenn Sie Fragen zu dieser Datenschutzerkl\u00e4rung haben, k\u00f6nnen Sie uns Kontaktieren:<\/p>\n<ul>\n<li>\n<p>Per E-Mail: info@2bim3.ai<\/p>\n<\/li>\n<li>\n<p>Durch den Besuch dieser Seite auf unserer website: <a href=\"\/de\/2bim3.ai\/contact\/\" rel=\"external nofollow noopener\" target=\"_blank\">2bim3.ai\/Kontakt<\/a><\/p>\n<\/li>\n<\/ul>\t\t\t\t\t\t\t\t<\/div>\n\t\t\t\t<\/div>\n\t\t\t\t\t<\/div>\n\t\t\t\t<\/div>\n\t\t\t\t<\/div>","protected":false},"excerpt":{"rendered":"<p>Privacy Policy Last updated: June 20, 2025 This Privacy Policy describes Our policies and procedures on the collection, use and disclosure of Your information when You use the Service and tells You about Your privacy rights and how the law protects You. We use Your Personal data to provide and improve the Service. By using [&hellip;]<\/p>","protected":false},"author":1,"featured_media":0,"parent":0,"menu_order":0,"comment_status":"closed","ping_status":"closed","template":"","meta":{"footnotes":""},"class_list":["post-394","page","type-page","status-publish","hentry"],"_links":{"self":[{"href":"https:\/\/2bim3.ai\/de\/wp-json\/wp\/v2\/pages\/394","targetHints":{"allow":["GET"]}}],"collection":[{"href":"https:\/\/2bim3.ai\/de\/wp-json\/wp\/v2\/pages"}],"about":[{"href":"https:\/\/2bim3.ai\/de\/wp-json\/wp\/v2\/types\/page"}],"author":[{"embeddable":true,"href":"https:\/\/2bim3.ai\/de\/wp-json\/wp\/v2\/users\/1"}],"replies":[{"embeddable":true,"href":"https:\/\/2bim3.ai\/de\/wp-json\/wp\/v2\/comments?post=394"}],"version-history":[{"count":7,"href":"https:\/\/2bim3.ai\/de\/wp-json\/wp\/v2\/pages\/394\/revisions"}],"predecessor-version":[{"id":572,"href":"https:\/\/2bim3.ai\/de\/wp-json\/wp\/v2\/pages\/394\/revisions\/572"}],"wp:attachment":[{"href":"https:\/\/2bim3.ai\/de\/wp-json\/wp\/v2\/media?parent=394"}],"curies":[{"name":"wp","href":"https:\/\/api.w.org\/{rel}","templated":true}]}}